{"id":81450,"date":"2023-08-04T12:31:46","date_gmt":"2023-08-04T10:31:46","guid":{"rendered":"https:\/\/hvilepust.com\/?page_id=81450"},"modified":"2026-03-23T09:46:27","modified_gmt":"2026-03-23T08:46:27","slug":"treetop-igloo-in-laardal","status":"publish","type":"page","link":"https:\/\/hvilepust.com\/en\/treetop-igloo-in-laardal\/","title":{"rendered":"Treetop igloo in L\u00e5rdal"},"content":{"rendered":"<div class=\"wpb-content-wrapper\"><p>[vc_row unlock_row_content=&#8221;yes&#8221; row_height_percent=&#8221;55&#8243; override_padding=&#8221;yes&#8221; h_padding=&#8221;0&#8243; top_padding=&#8221;0&#8243; bottom_padding=&#8221;0&#8243; overlay_alpha=&#8221;50&#8243; equal_height=&#8221;yes&#8221; gutter_size=&#8221;0&#8243; column_width_percent=&#8221;100&#8243; shift_y=&#8221;0&#8243; z_index=&#8221;0&#8243; mobile_visibility=&#8221;yes&#8221; el_class=&#8221;overflow-hidden&#8221; uncode_shortcode_id=&#8221;490455&#8243;][vc_column column_width_percent=&#8221;100&#8243; gutter_size=&#8221;3&#8243; back_image=&#8221;83439&#8243; back_position=&#8221;center center&#8221; overlay_alpha=&#8221;50&#8243; shift_x=&#8221;0&#8243; shift_y=&#8221;0&#8243; shift_y_down=&#8221;0&#8243; z_index=&#8221;0&#8243; medium_width=&#8221;5&#8243; mobile_width=&#8221;0&#8243; width=&#8221;1\/4&#8243; mobile_height=&#8221;260&#8243; uncode_shortcode_id=&#8221;673959&#8243;][\/vc_column][vc_column column_width_percent=&#8221;100&#8243; gutter_size=&#8221;3&#8243; back_image=&#8221;82711&#8243; overlay_alpha=&#8221;50&#8243; shift_x=&#8221;0&#8243; shift_y=&#8221;0&#8243; shift_y_down=&#8221;0&#8243; z_index=&#8221;0&#8243; medium_width=&#8221;3&#8243; mobile_visibility=&#8221;yes&#8221; mobile_width=&#8221;0&#8243; width=&#8221;1\/4&#8243; uncode_shortcode_id=&#8221;212851&#8243;][\/vc_column][vc_column column_width_percent=&#8221;100&#8243; gutter_size=&#8221;3&#8243; back_image=&#8221;83266&#8243; back_position=&#8221;center bottom&#8221; overlay_alpha=&#8221;50&#8243; shift_x=&#8221;0&#8243; shift_y=&#8221;0&#8243; shift_y_down=&#8221;0&#8243; z_index=&#8221;0&#8243; medium_width=&#8221;0&#8243; mobile_width=&#8221;0&#8243; width=&#8221;1\/4&#8243; uncode_shortcode_id=&#8221;665756&#8243;][\/vc_column][vc_column column_width_percent=&#8221;100&#8243; gutter_size=&#8221;3&#8243; back_image=&#8221;83731&#8243; overlay_alpha=&#8221;50&#8243; shift_x=&#8221;0&#8243; shift_y=&#8221;0&#8243; shift_y_down=&#8221;0&#8243; z_index=&#8221;0&#8243; medium_width=&#8221;0&#8243; mobile_width=&#8221;0&#8243; width=&#8221;1\/4&#8243; uncode_shortcode_id=&#8221;637352&#8243;][\/vc_column][\/vc_row][vc_row unlock_row_content=&#8221;yes&#8221; row_height_percent=&#8221;55&#8243; override_padding=&#8221;yes&#8221; h_padding=&#8221;0&#8243; top_padding=&#8221;0&#8243; bottom_padding=&#8221;0&#8243; overlay_alpha=&#8221;50&#8243; equal_height=&#8221;yes&#8221; gutter_size=&#8221;0&#8243; column_width_percent=&#8221;100&#8243; shift_y=&#8221;0&#8243; z_index=&#8221;0&#8243; desktop_visibility=&#8221;yes&#8221; medium_visibility=&#8221;yes&#8221; el_class=&#8221;overflow-hidden&#8221; uncode_shortcode_id=&#8221;450857&#8243;][vc_column column_width_percent=&#8221;100&#8243; gutter_size=&#8221;3&#8243; overlay_alpha=&#8221;50&#8243; shift_x=&#8221;0&#8243; shift_y=&#8221;0&#8243; shift_y_down=&#8221;0&#8243; z_index=&#8221;0&#8243; medium_width=&#8221;5&#8243; mobile_width=&#8221;0&#8243; width=&#8221;1\/1&#8243; mobile_height=&#8221;260&#8243; uncode_shortcode_id=&#8221;402155&#8243;][vc_gallery el_id=&#8221;gallery-554183&#8243; type=&#8221;carousel&#8221; medias=&#8221;83266,82711,83731,83727,82836,83153,82834,82111,83725,83733,82373,82404,82703&#8243; carousel_lg=&#8221;3&#8243; carousel_md=&#8221;3&#8243; carousel_sm=&#8221;1&#8243; thumb_size=&#8221;one-one&#8221; gutter_size=&#8221;3&#8243; media_items=&#8221;media|nolink|original&#8221; carousel_interval=&#8221;3000&#8243; carousel_navspeed=&#8221;400&#8243; carousel_loop=&#8221;yes&#8221; carousel_dots=&#8221;yes&#8221; stage_padding=&#8221;0&#8243; single_overlay_opacity=&#8221;50&#8243; single_overlay_anim=&#8221;no&#8221; single_padding=&#8221;2&#8243; uncode_shortcode_id=&#8221;131557&#8243; items=&#8221;eyI4MDY1MF9pIjp7InNpbmdsZV9pbWFnZV9hbmltIjoibm8ifSwiNzk0MTZfaSI6eyJzaW5nbGVfaW1hZ2VfYW5pbSI6Im5vIn0sIjc5NDEyX2kiOnsic2luZ2xlX2ltYWdlX2FuaW0iOiJubyJ9LCI3OTEyOV9pIjp7InNpbmdsZV9pbWFnZV9hbmltIjoibm8ifSwiNzkxMzBfaSI6eyJzaW5nbGVfaW1hZ2VfYW5pbSI6Im5vIn0sIjc5MTM5X2kiOnsic2luZ2xlX2ltYWdlX2FuaW0iOiJubyJ9fQ==&#8221;][\/vc_column][\/vc_row][vc_row row_height_percent=&#8221;0&#8243; override_padding=&#8221;yes&#8221; h_padding=&#8221;2&#8243; top_padding=&#8221;3&#8243; bottom_padding=&#8221;3&#8243; overlay_alpha=&#8221;50&#8243; gutter_size=&#8221;4&#8243; column_width_percent=&#8221;100&#8243; shift_y=&#8221;0&#8243; z_index=&#8221;0&#8243; uncode_shortcode_id=&#8221;781605&#8243;][vc_column width=&#8221;2\/3&#8243;][vc_custom_heading auto_text=&#8221;yes&#8221; heading_semantic=&#8221;h1&#8243; text_size=&#8221;h6&#8243; text_transform=&#8221;uppercase&#8221; uncode_shortcode_id=&#8221;495769&#8243;][\/vc_custom_heading][vc_custom_heading uncode_shortcode_id=&#8221;170730&#8243;]Welcome to a one of a kind treetop igloo![\/vc_custom_heading][vc_column_text uncode_shortcode_id=&#8221;196099&#8243;]Towering 5 meters above the ground, we invite you to an airy and unique experience &#8211; the first of its kind in Norway! The stars above, the river below and the treetops dancing around you. Take a dip in the river, and enjoy a sensational experience when you use our outdoor shower (shower is available from May throughout September). Leave your troubles behind, and be in one with nature!<\/p>\n<p>The igloo is located in the beautiful valley called L\u00e5rdal. The valley is most reminiscent of western nature with its steep and proud slopes and the water that rests at the foot end. This hidden gem is only 3 hours from Oslo, and the drive here is an experience in itself if you enjoy spectacular Norwegian nature.<\/p>\n<p>Be aware that our igloos have no electricity or running water. This is a beautiful back to nature experience with the luxury of a hotel room. The wood stove is your heating source, and you\u2019ll have unlimited amount of wood available, so keep it warm!<\/p>\n<p>We recommend you read through more practical information here prior to booking: <a href=\"https:\/\/hvilepust.com\/en\/treetop-igloo-in-laardal\/\">https:\/\/hvilepust.com\/praktisk-informasjon\/<\/a> Scroll down the page to find the English version<\/p>\n<p>Tretoppiglo i L\u00e5rdal is located by itself in a forest at the very top of the valley. You are completely by yourself among birds and squirrels, 5 meters up in the air, with a trickling river right below you and a stone&#8217;s throw away you will find St\u00f8ylsdalen, a remote dirt road that is world-renowned for its diversity of deer, elk and roe deer. A short walk at dusk can quickly lead to an extraordinary close encounter.<\/p>\n<p>Magnus is the host for your stay, and he has many tips up his sleeve for various activities in the local area. You will receive a full list of these in the booking confirmation. Here are a few highlights of what you can choose from.<\/p>\n<h5>The sauna in L\u00e5rdal<\/h5>\n<p>If you want a relaxing experience right down by the water&#8217;s edge, you can do this in the sauna in L\u00e5rdal. Bandak is the innermost part of the Telemark Canal and offers spectacular views.<\/p>\n<h5>Farm visit<\/h5>\n<p>The nearby farm Tvigyva has 12 polar dogs. Join a tour of the kennel, cuddle with the dogs or borrow a Husky with you on a hike in the mountains.<\/p>\n<h5>Hiking<\/h5>\n<p>There are several options for epic hikes in the area. Maps for lending will be in the cabin. One of the truly memorable trips is the L\u00e5rdal trail, a hike along the Telemark Canal in the heights between L\u00e5rdal and Dalen.[\/vc_column_text][vc_custom_heading heading_semantic=&#8221;h3&#8243; text_size=&#8221;h6&#8243; text_transform=&#8221;uppercase&#8221; uncode_shortcode_id=&#8221;290506&#8243;]Tretoppiglo ved L\u00e5rdalselva[\/vc_custom_heading][vc_gallery el_id=&#8221;gallery-151171&#8243; type=&#8221;carousel&#8221; medias=&#8221;83268,83731,82373,82711,83439,83153,83735,82703,83262,83729,83283,83733,82404&#8243; carousel_lg=&#8221;1&#8243; carousel_md=&#8221;1&#8243; carousel_sm=&#8221;1&#8243; thumb_size=&#8221;one-one&#8221; gutter_size=&#8221;3&#8243; media_items=&#8221;media|lightbox|original,caption&#8221; carousel_height=&#8221;equal&#8221; carousel_autoh=&#8221;yes&#8221; carousel_interval=&#8221;3000&#8243; carousel_navspeed=&#8221;400&#8243; carousel_loop=&#8221;yes&#8221; carousel_nav=&#8221;yes&#8221; carousel_dots_mobile=&#8221;yes&#8221; stage_padding=&#8221;0&#8243; single_text=&#8221;under&#8221; single_overlay_opacity=&#8221;1&#8243; single_overlay_anim=&#8221;no&#8221; single_image_anim=&#8221;no&#8221; single_padding=&#8221;1&#8243; lbox_caption=&#8221;yes&#8221; items=&#8221;eyI3OTEzN19pIjp7InNpbmdsZV93aWR0aCI6IjMiLCJzaW5nbGVfdGV4dCI6InVuZGVyIiwic2luZ2xlX2xheW91dF9tZWRpYV9pdGVtcyI6Im1lZGlhfGxpZ2h0Ym94fG9yaWdpbmFsLGNhcHRpb24ifSwiNzkxMzNfaSI6eyJzaW5nbGVfdGV4dCI6InVuZGVyIiwic2luZ2xlX3dpZHRoIjoiMyIsInNpbmdsZV9sYXlvdXRfbWVkaWFfaXRlbXMiOiJtZWRpYXxsaWdodGJveHxvcmlnaW5hbCxjYXB0aW9uIn19&#8243; uncode_shortcode_id=&#8221;140409&#8243;][vc_separator sep_color=&#8221;accent&#8221;][vc_row_inner limit_content=&#8221;&#8221;][vc_column_inner width=&#8221;1\/3&#8243;][vc_icon icon=&#8221;fa fa-streetsign&#8221; size=&#8221;fa-2x&#8221; text_size=&#8221;h6&#8243; title=&#8221;Drive from Oslo&#8221; uncode_shortcode_id=&#8221;560515&#8243;]3 hours by car from Oslo.[\/vc_icon][\/vc_column_inner][vc_column_inner width=&#8221;1\/3&#8243;][vc_icon icon=&#8221;fa fa-car2&#8243; size=&#8221;fa-2x&#8221; text_size=&#8221;h6&#8243; title=&#8221;Public transportation&#8221; uncode_shortcode_id=&#8221;725413&#8243;]No options for public transportation.[\/vc_icon][\/vc_column_inner][vc_column_inner width=&#8221;1\/3&#8243;][vc_icon icon=&#8221;fa fa-arrows-h&#8221; size=&#8221;fa-2x&#8221; text_size=&#8221;h6&#8243; title=&#8221;Walking distance from check-in to the igloo&#8221; uncode_shortcode_id=&#8221;104490&#8243;]5 minutes from parking.[\/vc_icon][\/vc_column_inner][\/vc_row_inner][vc_empty_space empty_h=&#8221;2&#8243;][vc_gmaps latlon=&#8221;59.448306, 8.154444&#8243; map_color=&#8221;color-lxmt&#8221; ui_color=&#8221;accent&#8221; zoom=&#8221;13&#8243; map_saturation=&#8221;-50&#8243; map_brightness=&#8221;0&#8243; uncode_shortcode_id=&#8221;121016&#8243; map_color_type=&#8221;uncode-palette&#8221; ui_color_type=&#8221;uncode-palette&#8221;][vc_separator sep_color=&#8221;accent&#8221;][vc_empty_space empty_h=&#8221;2&#8243; desktop_visibility=&#8221;yes&#8221;][\/vc_column][vc_column width=&#8221;1\/3&#8243;][vc_row_inner row_inner_height_percent=&#8221;0&#8243; overlay_alpha=&#8221;50&#8243; gutter_size=&#8221;3&#8243; shift_y=&#8221;0&#8243; z_index=&#8221;0&#8243; uncode_shortcode_id=&#8221;129921&#8243; back_color_type=&#8221;uncode-solid&#8221; back_color_solid=&#8221;#f4fbef&#8221; css=&#8221;.vc_custom_1771242556962{padding-top: 5% !important;padding-right: 5% !important;padding-bottom: 5% !important;padding-left: 5% !important;}&#8221;][vc_column_inner width=&#8221;1\/1&#8243;][vc_raw_html]JTNDc2NyaXB0JTIwdHlwZSUzRCUyMnRleHQlMkZqYXZhc2NyaXB0JTIyJTIwc3JjJTNEJTIyJTJGJTJGcmVzZXJ2YXRpb25zLmJvb2t2aXNpdC5jb20lMkZ3aWRnZXQlM0Z0eXBlJTNEYWNjb21tb2RhdGlvbiUyMiUzRSUzQyUyRnNjcmlwdCUzRSUzQ2RpdiUyMGlkJTNEJTIyd2lkZ2V0Q29udGFpbmVyJTIyJTNFJTNDJTJGZGl2JTNFJTNDc2NyaXB0JTIwdHlwZSUzRCUyMnRleHQlMkZqYXZhc2NyaXB0JTIyJTIwY2hhcnNldCUzRCUyMlVURi04JTIyJTNFJTBBJTIwJTIwJTIwY29uc3QlMjBjb25maWclMjAlM0QlMjAlN0IlN0QlM0IlMEElMjAlMjAlMjBjb25maWcuY2hhbm5lbElkJTIwJTNEJTIwJTIyMjlhYTFlOGItNWI4ZS00YmQyLWJiNmQtNmUyYjhlZjU0NmUxJTIyJTNCJTBBJTIwJTIwJTIwY29uZmlnLndpZGdldExheW91dCUyMCUzRCUyMCUyMlN0YW5kYXJkMUNvbHVtblBsYXRlJTIyJTNCJTBBJTIwJTIwJTIwY29uZmlnLldpZGdldENvbnRhaW5lcklkJTIwJTNEJTIwJTIyd2lkZ2V0Q29udGFpbmVyJTIyJTNCJTBBJTIwJTIwJTIwY29uZmlnLnByb21vQ29kZSUyMCUzRCUyMCUyMmZhbHNlJTIyJTNCJTBBJTIwJTIwJTIwY29uZmlnLmNvcnBDb2RlJTIwJTNEJTIwJTIyZmFsc2UlMjIlM0IlMEElMjAlMjAlMjBjb25maWcuYWdlbnRDb2RlJTIwJTNEJTIwJTIyZmFsc2UlMjIlM0IlMEElMjAlMjAlMjBjb25maWcub3Blbk9wdGlvbiUyMCUzRCUyMCUyMnJlZGlyZWN0JTIyJTNCJTBBJTIwJTIwJTIwY29uZmlnLmxvZ2luTGluayUyMCUzRCUyMCUyMmZhbHNlJTIyJTNCJTBBJTIwJTIwJTIwY29uZmlnLmN1cnJlbmN5JTIwJTNEJTIwJTIyTk9LJTIyJTNCJTBBJTIwJTIwJTIwY29uZmlnLmxhbmd1YWdlQ3VsdHVyZSUyMCUzRCUyMCUyMmVuLUdCJTIyJTNCJTBBJTIwJTIwJTIwY29uZmlnLmFjY29tbW9kYXRpb25UeXBlUGlja2VyJTIwJTNEJTIwJTIyZmFsc2UlMjIlM0IlMEElMjAlMjAlMjBjb25maWcuZ3Vlc3RSb29tSWQlMjAlM0QlMjAlMjIwOGRlNTFlNy01M2Q5LTBhOTEtMDAxNS01ZGQ2Y2IzODAwMDAlMjIlM0IlMEElMjAlMjAlMjBjb25maWcudHlwZSUyMCUzRCUyMCUyMnNpbmdsZV9wcm9wZXJ0eSUyMiUzQiUwQSUyMCUyMCUyMEJWLlNQV2lkZ2V0JTI4JTdCLi4uY29uZmlnJTdEJTI5JTBBJTNDJTJGc2NyaXB0JTNFJTBB[\/vc_raw_html][\/vc_column_inner][\/vc_row_inner][uncode_block id=&#8221;79727&#8243; inside_column=&#8221;yes&#8221;][\/vc_column][\/vc_row]<\/p>\n<\/div>","protected":false},"excerpt":{"rendered":"<p>[vc_row unlock_row_content=&#8221;yes&#8221; row_height_percent=&#8221;55&#8243; override_padding=&#8221;yes&#8221; h_padding=&#8221;0&#8243; top_padding=&#8221;0&#8243; bottom_padding=&#8221;0&#8243; overlay_alpha=&#8221;50&#8243; equal_height=&#8221;yes&#8221; gutter_size=&#8221;0&#8243; column_width_percent=&#8221;100&#8243; shift_y=&#8221;0&#8243; z_index=&#8221;0&#8243; mobile_visibility=&#8221;yes&#8221; el_class=&#8221;overflow-hidden&#8221; uncode_shortcode_id=&#8221;490455&#8243;][vc_column column_width_percent=&#8221;100&#8243; gutter_size=&#8221;3&#8243; back_image=&#8221;83439&#8243; back_position=&#8221;center [&hellip;]<\/p>\n","protected":false},"author":9,"featured_media":83727,"parent":0,"menu_order":0,"comment_status":"closed","ping_status":"closed","template":"","meta":{"footnotes":""},"class_list":["post-81450","page","type-page","status-publish","has-post-thumbnail","hentry"],"yoast_head":"<!-- This site is optimized with the Yoast SEO plugin v27.2 - https:\/\/yoast.com\/product\/yoast-seo-wordpress\/ -->\n<title>Treetop igloo in L\u00e5rdal &#8211; Glamping med HvilePust<\/title>\n<meta name=\"description\" content=\"Opplev \u00d8stlandets Hardanger fra klippen ved Kr\u00f8derfjorden! V\u00e5kne til panoramautsikt med b\u00e5de fjord, fjell, skog og vidde. Velkommen!\" \/>\n<meta name=\"robots\" content=\"index, follow, max-snippet:-1, max-image-preview:large, max-video-preview:-1\" \/>\n<link rel=\"canonical\" href=\"https:\/\/hvilepust.com\/en\/treetop-igloo-in-laardal\/\" \/>\n<meta property=\"og:locale\" content=\"en_US\" \/>\n<meta property=\"og:type\" content=\"article\" \/>\n<meta property=\"og:title\" content=\"Treetop igloo in L\u00e5rdal &#8211; Glamping med HvilePust\" \/>\n<meta property=\"og:description\" content=\"Opplev \u00d8stlandets Hardanger fra klippen ved Kr\u00f8derfjorden! V\u00e5kne til panoramautsikt med b\u00e5de fjord, fjell, skog og vidde. Velkommen!\" \/>\n<meta property=\"og:url\" content=\"https:\/\/hvilepust.com\/en\/treetop-igloo-in-laardal\/\" \/>\n<meta property=\"og:site_name\" content=\"HvilePust\" \/>\n<meta property=\"article:publisher\" content=\"https:\/\/www.facebook.com\/HvilePustGlamping\/\" \/>\n<meta property=\"article:modified_time\" content=\"2026-03-23T08:46:27+00:00\" \/>\n<meta property=\"og:image\" content=\"https:\/\/hvilepust.com\/wp-content\/uploads\/2024\/11\/20240529_191014-scaled.jpg\" \/>\n\t<meta property=\"og:image:width\" content=\"1920\" \/>\n\t<meta property=\"og:image:height\" content=\"2560\" \/>\n\t<meta property=\"og:image:type\" content=\"image\/jpeg\" \/>\n<meta name=\"twitter:card\" content=\"summary_large_image\" \/>\n<meta name=\"twitter:label1\" content=\"Est. reading time\" \/>\n\t<meta name=\"twitter:data1\" content=\"2 minutes\" \/>\n<script type=\"application\/ld+json\" class=\"yoast-schema-graph\">{\"@context\":\"https:\/\/schema.org\",\"@graph\":[{\"@type\":\"WebPage\",\"@id\":\"https:\/\/hvilepust.com\/en\/treetop-igloo-in-laardal\/\",\"url\":\"https:\/\/hvilepust.com\/en\/treetop-igloo-in-laardal\/\",\"name\":\"Treetop igloo in L\u00e5rdal &#8211; Glamping med HvilePust\",\"isPartOf\":{\"@id\":\"https:\/\/hvilepust.com\/#website\"},\"primaryImageOfPage\":{\"@id\":\"https:\/\/hvilepust.com\/en\/treetop-igloo-in-laardal\/#primaryimage\"},\"image\":{\"@id\":\"https:\/\/hvilepust.com\/en\/treetop-igloo-in-laardal\/#primaryimage\"},\"thumbnailUrl\":\"https:\/\/hvilepust.com\/wp-content\/uploads\/2024\/11\/20240529_191014-scaled.jpg\",\"datePublished\":\"2023-08-04T10:31:46+00:00\",\"dateModified\":\"2026-03-23T08:46:27+00:00\",\"description\":\"Opplev \u00d8stlandets Hardanger fra klippen ved Kr\u00f8derfjorden! V\u00e5kne til panoramautsikt med b\u00e5de fjord, fjell, skog og vidde. Velkommen!\",\"breadcrumb\":{\"@id\":\"https:\/\/hvilepust.com\/en\/treetop-igloo-in-laardal\/#breadcrumb\"},\"inLanguage\":\"en-US\",\"potentialAction\":[{\"@type\":\"ReadAction\",\"target\":[\"https:\/\/hvilepust.com\/en\/treetop-igloo-in-laardal\/\"]}]},{\"@type\":\"ImageObject\",\"inLanguage\":\"en-US\",\"@id\":\"https:\/\/hvilepust.com\/en\/treetop-igloo-in-laardal\/#primaryimage\",\"url\":\"https:\/\/hvilepust.com\/wp-content\/uploads\/2024\/11\/20240529_191014-scaled.jpg\",\"contentUrl\":\"https:\/\/hvilepust.com\/wp-content\/uploads\/2024\/11\/20240529_191014-scaled.jpg\",\"width\":1920,\"height\":2560},{\"@type\":\"BreadcrumbList\",\"@id\":\"https:\/\/hvilepust.com\/en\/treetop-igloo-in-laardal\/#breadcrumb\",\"itemListElement\":[{\"@type\":\"ListItem\",\"position\":1,\"name\":\"Home\",\"item\":\"https:\/\/hvilepust.com\/en\/\"},{\"@type\":\"ListItem\",\"position\":2,\"name\":\"Treetop igloo in L\u00e5rdal\"}]},{\"@type\":\"WebSite\",\"@id\":\"https:\/\/hvilepust.com\/#website\",\"url\":\"https:\/\/hvilepust.com\/\",\"name\":\"HvilePust\",\"description\":\"Glamor\u00f8s Camping\",\"publisher\":{\"@id\":\"https:\/\/hvilepust.com\/#organization\"},\"potentialAction\":[{\"@type\":\"SearchAction\",\"target\":{\"@type\":\"EntryPoint\",\"urlTemplate\":\"https:\/\/hvilepust.com\/?s={search_term_string}\"},\"query-input\":{\"@type\":\"PropertyValueSpecification\",\"valueRequired\":true,\"valueName\":\"search_term_string\"}}],\"inLanguage\":\"en-US\"},{\"@type\":\"Organization\",\"@id\":\"https:\/\/hvilepust.com\/#organization\",\"name\":\"HvilePust\",\"url\":\"https:\/\/hvilepust.com\/\",\"logo\":{\"@type\":\"ImageObject\",\"inLanguage\":\"en-US\",\"@id\":\"https:\/\/hvilepust.com\/#\/schema\/logo\/image\/\",\"url\":\"https:\/\/hvilepust.com\/wp-content\/uploads\/2021\/06\/HVILEPUST-rgb.svg\",\"contentUrl\":\"https:\/\/hvilepust.com\/wp-content\/uploads\/2021\/06\/HVILEPUST-rgb.svg\",\"width\":\"130\",\"height\":\"130\",\"caption\":\"HvilePust\"},\"image\":{\"@id\":\"https:\/\/hvilepust.com\/#\/schema\/logo\/image\/\"},\"sameAs\":[\"https:\/\/www.facebook.com\/HvilePustGlamping\/\",\"https:\/\/www.instagram.com\/hvilepust_\/\"]}]}<\/script>\n<!-- \/ Yoast SEO plugin. -->","yoast_head_json":{"title":"Treetop igloo in L\u00e5rdal &#8211; Glamping med HvilePust","description":"Opplev \u00d8stlandets Hardanger fra klippen ved Kr\u00f8derfjorden! V\u00e5kne til panoramautsikt med b\u00e5de fjord, fjell, skog og vidde. Velkommen!","robots":{"index":"index","follow":"follow","max-snippet":"max-snippet:-1","max-image-preview":"max-image-preview:large","max-video-preview":"max-video-preview:-1"},"canonical":"https:\/\/hvilepust.com\/en\/treetop-igloo-in-laardal\/","og_locale":"en_US","og_type":"article","og_title":"Treetop igloo in L\u00e5rdal &#8211; Glamping med HvilePust","og_description":"Opplev \u00d8stlandets Hardanger fra klippen ved Kr\u00f8derfjorden! V\u00e5kne til panoramautsikt med b\u00e5de fjord, fjell, skog og vidde. Velkommen!","og_url":"https:\/\/hvilepust.com\/en\/treetop-igloo-in-laardal\/","og_site_name":"HvilePust","article_publisher":"https:\/\/www.facebook.com\/HvilePustGlamping\/","article_modified_time":"2026-03-23T08:46:27+00:00","og_image":[{"width":1920,"height":2560,"url":"https:\/\/hvilepust.com\/wp-content\/uploads\/2024\/11\/20240529_191014-scaled.jpg","type":"image\/jpeg"}],"twitter_card":"summary_large_image","twitter_misc":{"Est. reading time":"2 minutes"},"schema":{"@context":"https:\/\/schema.org","@graph":[{"@type":"WebPage","@id":"https:\/\/hvilepust.com\/en\/treetop-igloo-in-laardal\/","url":"https:\/\/hvilepust.com\/en\/treetop-igloo-in-laardal\/","name":"Treetop igloo in L\u00e5rdal &#8211; Glamping med HvilePust","isPartOf":{"@id":"https:\/\/hvilepust.com\/#website"},"primaryImageOfPage":{"@id":"https:\/\/hvilepust.com\/en\/treetop-igloo-in-laardal\/#primaryimage"},"image":{"@id":"https:\/\/hvilepust.com\/en\/treetop-igloo-in-laardal\/#primaryimage"},"thumbnailUrl":"https:\/\/hvilepust.com\/wp-content\/uploads\/2024\/11\/20240529_191014-scaled.jpg","datePublished":"2023-08-04T10:31:46+00:00","dateModified":"2026-03-23T08:46:27+00:00","description":"Opplev \u00d8stlandets Hardanger fra klippen ved Kr\u00f8derfjorden! V\u00e5kne til panoramautsikt med b\u00e5de fjord, fjell, skog og vidde. Velkommen!","breadcrumb":{"@id":"https:\/\/hvilepust.com\/en\/treetop-igloo-in-laardal\/#breadcrumb"},"inLanguage":"en-US","potentialAction":[{"@type":"ReadAction","target":["https:\/\/hvilepust.com\/en\/treetop-igloo-in-laardal\/"]}]},{"@type":"ImageObject","inLanguage":"en-US","@id":"https:\/\/hvilepust.com\/en\/treetop-igloo-in-laardal\/#primaryimage","url":"https:\/\/hvilepust.com\/wp-content\/uploads\/2024\/11\/20240529_191014-scaled.jpg","contentUrl":"https:\/\/hvilepust.com\/wp-content\/uploads\/2024\/11\/20240529_191014-scaled.jpg","width":1920,"height":2560},{"@type":"BreadcrumbList","@id":"https:\/\/hvilepust.com\/en\/treetop-igloo-in-laardal\/#breadcrumb","itemListElement":[{"@type":"ListItem","position":1,"name":"Home","item":"https:\/\/hvilepust.com\/en\/"},{"@type":"ListItem","position":2,"name":"Treetop igloo in L\u00e5rdal"}]},{"@type":"WebSite","@id":"https:\/\/hvilepust.com\/#website","url":"https:\/\/hvilepust.com\/","name":"HvilePust","description":"Glamor\u00f8s Camping","publisher":{"@id":"https:\/\/hvilepust.com\/#organization"},"potentialAction":[{"@type":"SearchAction","target":{"@type":"EntryPoint","urlTemplate":"https:\/\/hvilepust.com\/?s={search_term_string}"},"query-input":{"@type":"PropertyValueSpecification","valueRequired":true,"valueName":"search_term_string"}}],"inLanguage":"en-US"},{"@type":"Organization","@id":"https:\/\/hvilepust.com\/#organization","name":"HvilePust","url":"https:\/\/hvilepust.com\/","logo":{"@type":"ImageObject","inLanguage":"en-US","@id":"https:\/\/hvilepust.com\/#\/schema\/logo\/image\/","url":"https:\/\/hvilepust.com\/wp-content\/uploads\/2021\/06\/HVILEPUST-rgb.svg","contentUrl":"https:\/\/hvilepust.com\/wp-content\/uploads\/2021\/06\/HVILEPUST-rgb.svg","width":"130","height":"130","caption":"HvilePust"},"image":{"@id":"https:\/\/hvilepust.com\/#\/schema\/logo\/image\/"},"sameAs":["https:\/\/www.facebook.com\/HvilePustGlamping\/","https:\/\/www.instagram.com\/hvilepust_\/"]}]}},"_links":{"self":[{"href":"https:\/\/hvilepust.com\/en\/wp-json\/wp\/v2\/pages\/81450","targetHints":{"allow":["GET"]}}],"collection":[{"href":"https:\/\/hvilepust.com\/en\/wp-json\/wp\/v2\/pages"}],"about":[{"href":"https:\/\/hvilepust.com\/en\/wp-json\/wp\/v2\/types\/page"}],"author":[{"embeddable":true,"href":"https:\/\/hvilepust.com\/en\/wp-json\/wp\/v2\/users\/9"}],"replies":[{"embeddable":true,"href":"https:\/\/hvilepust.com\/en\/wp-json\/wp\/v2\/comments?post=81450"}],"version-history":[{"count":0,"href":"https:\/\/hvilepust.com\/en\/wp-json\/wp\/v2\/pages\/81450\/revisions"}],"wp:featuredmedia":[{"embeddable":true,"href":"https:\/\/hvilepust.com\/en\/wp-json\/wp\/v2\/media\/83727"}],"wp:attachment":[{"href":"https:\/\/hvilepust.com\/en\/wp-json\/wp\/v2\/media?parent=81450"}],"curies":[{"name":"wp","href":"https:\/\/api.w.org\/{rel}","templated":true}]}}