{"id":79723,"date":"2021-06-24T12:20:24","date_gmt":"2021-06-24T10:20:24","guid":{"rendered":"https:\/\/hvilepust.com\/trekos-i-aurskog\/"},"modified":"2026-03-23T09:42:43","modified_gmt":"2026-03-23T08:42:43","slug":"trekos-i-aurskog","status":"publish","type":"page","link":"https:\/\/hvilepust.com\/en\/trekos-i-aurskog\/","title":{"rendered":"Treehugger of Aurskog"},"content":{"rendered":"<div class=\"wpb-content-wrapper\"><p>[vc_row unlock_row_content=&#8221;yes&#8221; row_height_percent=&#8221;55&#8243; override_padding=&#8221;yes&#8221; h_padding=&#8221;0&#8243; top_padding=&#8221;0&#8243; bottom_padding=&#8221;0&#8243; overlay_alpha=&#8221;50&#8243; equal_height=&#8221;yes&#8221; gutter_size=&#8221;0&#8243; column_width_percent=&#8221;100&#8243; shift_y=&#8221;0&#8243; z_index=&#8221;0&#8243; mobile_visibility=&#8221;yes&#8221; el_class=&#8221;overflow-hidden&#8221; uncode_shortcode_id=&#8221;131332&#8243;][vc_column column_width_percent=&#8221;100&#8243; gutter_size=&#8221;3&#8243; back_image=&#8221;83711&#8243; overlay_alpha=&#8221;50&#8243; shift_x=&#8221;0&#8243; shift_y=&#8221;0&#8243; shift_y_down=&#8221;0&#8243; z_index=&#8221;0&#8243; medium_width=&#8221;5&#8243; mobile_width=&#8221;0&#8243; width=&#8221;1\/4&#8243; mobile_height=&#8221;260&#8243; uncode_shortcode_id=&#8221;395302&#8243;][\/vc_column][vc_column column_width_percent=&#8221;100&#8243; gutter_size=&#8221;3&#8243; back_image=&#8221;80687&#8243; overlay_alpha=&#8221;50&#8243; shift_x=&#8221;0&#8243; shift_y=&#8221;0&#8243; shift_y_down=&#8221;0&#8243; z_index=&#8221;0&#8243; medium_width=&#8221;3&#8243; mobile_visibility=&#8221;yes&#8221; mobile_width=&#8221;0&#8243; width=&#8221;1\/4&#8243; uncode_shortcode_id=&#8221;157493&#8243;][\/vc_column][vc_column column_width_percent=&#8221;100&#8243; gutter_size=&#8221;3&#8243; back_image=&#8221;82573&#8243; overlay_alpha=&#8221;50&#8243; shift_x=&#8221;0&#8243; shift_y=&#8221;0&#8243; shift_y_down=&#8221;0&#8243; z_index=&#8221;0&#8243; medium_width=&#8221;0&#8243; mobile_width=&#8221;0&#8243; width=&#8221;1\/4&#8243; uncode_shortcode_id=&#8221;160404&#8243;][\/vc_column][vc_column column_width_percent=&#8221;100&#8243; gutter_size=&#8221;3&#8243; back_image=&#8221;79642&#8243; overlay_alpha=&#8221;50&#8243; shift_x=&#8221;0&#8243; shift_y=&#8221;0&#8243; shift_y_down=&#8221;0&#8243; z_index=&#8221;0&#8243; medium_width=&#8221;0&#8243; mobile_width=&#8221;0&#8243; width=&#8221;1\/4&#8243; uncode_shortcode_id=&#8221;111706&#8243;][\/vc_column][\/vc_row][vc_row unlock_row_content=&#8221;yes&#8221; row_height_percent=&#8221;55&#8243; override_padding=&#8221;yes&#8221; h_padding=&#8221;0&#8243; top_padding=&#8221;0&#8243; bottom_padding=&#8221;0&#8243; overlay_alpha=&#8221;50&#8243; equal_height=&#8221;yes&#8221; gutter_size=&#8221;0&#8243; column_width_percent=&#8221;100&#8243; shift_y=&#8221;0&#8243; z_index=&#8221;0&#8243; desktop_visibility=&#8221;yes&#8221; medium_visibility=&#8221;yes&#8221; el_class=&#8221;overflow-hidden&#8221; uncode_shortcode_id=&#8221;750143&#8243;][vc_column column_width_percent=&#8221;100&#8243; gutter_size=&#8221;3&#8243; overlay_alpha=&#8221;50&#8243; shift_x=&#8221;0&#8243; shift_y=&#8221;0&#8243; shift_y_down=&#8221;0&#8243; z_index=&#8221;0&#8243; medium_width=&#8221;5&#8243; mobile_width=&#8221;0&#8243; width=&#8221;1\/1&#8243; mobile_height=&#8221;260&#8243; uncode_shortcode_id=&#8221;276921&#8243;][vc_gallery el_id=&#8221;gallery-554183&#8243; type=&#8221;carousel&#8221; medias=&#8221;79642,80687,82573,82355,79648,82581,81439,81443,79795,80593,81437,81083,80672,80670&#8243; carousel_lg=&#8221;3&#8243; carousel_md=&#8221;3&#8243; carousel_sm=&#8221;1&#8243; thumb_size=&#8221;one-one&#8221; gutter_size=&#8221;3&#8243; media_items=&#8221;media|nolink|original&#8221; carousel_interval=&#8221;3000&#8243; carousel_navspeed=&#8221;400&#8243; carousel_loop=&#8221;yes&#8221; carousel_dots=&#8221;yes&#8221; stage_padding=&#8221;0&#8243; single_overlay_opacity=&#8221;50&#8243; single_overlay_anim=&#8221;no&#8221; single_padding=&#8221;2&#8243; uncode_shortcode_id=&#8221;139906&#8243; items=&#8221;eyI4MDY1MF9pIjp7InNpbmdsZV9pbWFnZV9hbmltIjoibm8ifSwiNzk0MTZfaSI6eyJzaW5nbGVfaW1hZ2VfYW5pbSI6Im5vIn0sIjc5NDEyX2kiOnsic2luZ2xlX2ltYWdlX2FuaW0iOiJubyJ9LCI3OTEyOV9pIjp7InNpbmdsZV9pbWFnZV9hbmltIjoibm8ifSwiNzkxMzBfaSI6eyJzaW5nbGVfaW1hZ2VfYW5pbSI6Im5vIn0sIjc5MTM5X2kiOnsic2luZ2xlX2ltYWdlX2FuaW0iOiJubyJ9fQ==&#8221;][\/vc_column][\/vc_row][vc_row row_height_percent=&#8221;0&#8243; override_padding=&#8221;yes&#8221; h_padding=&#8221;2&#8243; top_padding=&#8221;3&#8243; bottom_padding=&#8221;3&#8243; overlay_alpha=&#8221;50&#8243; gutter_size=&#8221;4&#8243; column_width_percent=&#8221;100&#8243; shift_y=&#8221;0&#8243; z_index=&#8221;0&#8243; uncode_shortcode_id=&#8221;187189&#8243;][vc_column width=&#8221;2\/3&#8243;][vc_custom_heading auto_text=&#8221;yes&#8221; heading_semantic=&#8221;h1&#8243; text_size=&#8221;h6&#8243; text_transform=&#8221;uppercase&#8221; uncode_shortcode_id=&#8221;259592&#8243;][\/vc_custom_heading][vc_custom_heading uncode_shortcode_id=&#8221;179083&#8243;]Welcome to your green oasis![\/vc_custom_heading][vc_column_text uncode_shortcode_id=&#8221;134562&#8243;]45 minutes outside Oslo by car, or accessible by public transportation in an hour, you can stay in this cozy igloo in Aurskog and have the forest all to yourself. Spruce trees are dominating the vegetation, but the igloo is placed in an open landscape. You might just wake up to see a moose peacefully enjoying the sunrise, as this area has a high density of Norway&#8217;s national animal.<\/p>\n<p>You will check in with the host at a farm close by, and from there have an easy walk of 10 minutes into the forest to find the igloo. The farm in which you check in is an alpaca farm, so if your heart beats for these fascinating animals, an alpaca walk can be a perfect activity to combine with a stay in the igloo.<\/p>\n<p>We recommend you read through more practical information here prior to booking: <a href=\"https:\/\/hvilepust.com\/en\/treetop-igloo-in-laardal\/\">https:\/\/hvilepust.com\/praktisk-informasjon\/<\/a> Scroll down the page to find the English version[\/vc_column_text][vc_custom_heading heading_semantic=&#8221;h3&#8243; text_size=&#8221;h6&#8243; text_transform=&#8221;uppercase&#8221; uncode_shortcode_id=&#8221;618402&#8243;]The igloo in Aurskog[\/vc_custom_heading][vc_gallery el_id=&#8221;gallery-213305&#8243; type=&#8221;carousel&#8221; medias=&#8221;79393,79795,79783,81083,79391,79389,79823,79387,79386&#8243; carousel_lg=&#8221;1&#8243; carousel_md=&#8221;1&#8243; carousel_sm=&#8221;1&#8243; thumb_size=&#8221;one-one&#8221; gutter_size=&#8221;3&#8243; media_items=&#8221;media|lightbox|original,caption&#8221; carousel_height=&#8221;equal&#8221; carousel_autoh=&#8221;yes&#8221; carousel_interval=&#8221;3000&#8243; carousel_navspeed=&#8221;400&#8243; carousel_loop=&#8221;yes&#8221; carousel_nav=&#8221;yes&#8221; carousel_dots_mobile=&#8221;yes&#8221; stage_padding=&#8221;0&#8243; single_text=&#8221;under&#8221; single_overlay_opacity=&#8221;1&#8243; single_overlay_anim=&#8221;no&#8221; single_image_anim=&#8221;no&#8221; single_padding=&#8221;1&#8243; lbox_caption=&#8221;yes&#8221; items=&#8221;eyI3OTEzN19pIjp7InNpbmdsZV93aWR0aCI6IjMiLCJzaW5nbGVfdGV4dCI6InVuZGVyIiwic2luZ2xlX2xheW91dF9tZWRpYV9pdGVtcyI6Im1lZGlhfGxpZ2h0Ym94fG9yaWdpbmFsLGNhcHRpb24ifSwiNzkxMzNfaSI6eyJzaW5nbGVfdGV4dCI6InVuZGVyIiwic2luZ2xlX3dpZHRoIjoiMyIsInNpbmdsZV9sYXlvdXRfbWVkaWFfaXRlbXMiOiJtZWRpYXxsaWdodGJveHxvcmlnaW5hbCxjYXB0aW9uIn19&#8243; uncode_shortcode_id=&#8221;610019&#8243;][vc_separator sep_color=&#8221;accent&#8221;][vc_row_inner limit_content=&#8221;&#8221;][vc_column_inner width=&#8221;1\/3&#8243;][vc_icon icon=&#8221;fa fa-streetsign&#8221; size=&#8221;fa-2x&#8221; text_size=&#8221;h6&#8243; title=&#8221;Drive from Oslo&#8221; uncode_shortcode_id=&#8221;360143&#8243;]45 km. 45 minutes by car.[\/vc_icon][\/vc_column_inner][vc_column_inner width=&#8221;1\/3&#8243;][vc_icon icon=&#8221;fa fa-car2&#8243; size=&#8221;fa-2x&#8221; text_size=&#8221;h6&#8243; title=&#8221;Public transportation&#8221; uncode_shortcode_id=&#8221;173352&#8243;]Catch the train from Oslo to Lillestr\u00f8m, and then the bus from there. The trip from Oslo will take you approximately one hour.[\/vc_icon][\/vc_column_inner][vc_column_inner width=&#8221;1\/3&#8243;][vc_icon icon=&#8221;fa fa-arrows-h&#8221; size=&#8221;fa-2x&#8221; text_size=&#8221;h6&#8243; title=&#8221;Walking distance from check-in to the igloo&#8221; uncode_shortcode_id=&#8221;113255&#8243;]7\u201310 minutes.[\/vc_icon][\/vc_column_inner][\/vc_row_inner][vc_empty_space empty_h=&#8221;2&#8243;][vc_gmaps latlon=&#8221;60.260549344698084, 9.625484711853716&#8243; map_color=&#8221;color-lxmt&#8221; ui_color=&#8221;accent&#8221; zoom=&#8221;13&#8243; map_saturation=&#8221;-50&#8243; map_brightness=&#8221;0&#8243; uncode_shortcode_id=&#8221;597803&#8243; map_color_type=&#8221;uncode-palette&#8221; ui_color_type=&#8221;uncode-palette&#8221;][vc_separator sep_color=&#8221;accent&#8221;][vc_custom_heading heading_semantic=&#8221;h3&#8243; text_size=&#8221;h6&#8243; text_transform=&#8221;uppercase&#8221; uncode_shortcode_id=&#8221;182919&#8243;]Opportunities[\/vc_custom_heading][vc_gallery el_id=&#8221;gallery-469584&#8243; type=&#8221;carousel&#8221; medias=&#8221;79642,79140,83711,79648,79643,81437,79823,81439,81443,79135,79127,83709&#8243; carousel_lg=&#8221;3&#8243; carousel_md=&#8221;3&#8243; carousel_sm=&#8221;1&#8243; thumb_size=&#8221;three-four&#8221; gutter_size=&#8221;3&#8243; media_items=&#8221;media|lightbox|original,caption&#8221; carousel_height=&#8221;equal&#8221; carousel_autoh=&#8221;yes&#8221; carousel_interval=&#8221;3000&#8243; carousel_navspeed=&#8221;400&#8243; carousel_loop=&#8221;yes&#8221; carousel_nav=&#8221;yes&#8221; stage_padding=&#8221;0&#8243; single_text=&#8221;under&#8221; single_overlay_opacity=&#8221;1&#8243; single_overlay_anim=&#8221;no&#8221; single_image_anim=&#8221;no&#8221; single_padding=&#8221;1&#8243; lbox_caption=&#8221;yes&#8221; items=&#8221;eyI3OTEzN19pIjp7InNpbmdsZV93aWR0aCI6IjMiLCJzaW5nbGVfdGV4dCI6InVuZGVyIiwic2luZ2xlX2xheW91dF9tZWRpYV9pdGVtcyI6Im1lZGlhfGxpZ2h0Ym94fG9yaWdpbmFsLGNhcHRpb24ifSwiNzkxMzNfaSI6eyJzaW5nbGVfdGV4dCI6InVuZGVyIiwic2luZ2xlX3dpZHRoIjoiMyIsInNpbmdsZV9sYXlvdXRfbWVkaWFfaXRlbXMiOiJtZWRpYXxsaWdodGJveHxvcmlnaW5hbCxjYXB0aW9uIn19&#8243; uncode_shortcode_id=&#8221;109721&#8243;][vc_empty_space empty_h=&#8221;2&#8243; desktop_visibility=&#8221;yes&#8221;][\/vc_column][vc_column width=&#8221;1\/3&#8243;][vc_row_inner row_inner_height_percent=&#8221;0&#8243; overlay_alpha=&#8221;50&#8243; gutter_size=&#8221;3&#8243; shift_y=&#8221;0&#8243; z_index=&#8221;0&#8243; uncode_shortcode_id=&#8221;129921&#8243; back_color_type=&#8221;uncode-solid&#8221; back_color_solid=&#8221;#f4fbef&#8221; css=&#8221;.vc_custom_1771242556962{padding-top: 5% !important;padding-right: 5% !important;padding-bottom: 5% !important;padding-left: 5% !important;}&#8221;][vc_column_inner width=&#8221;1\/1&#8243;][vc_raw_html]JTNDc2NyaXB0JTIwdHlwZSUzRCUyMnRleHQlMkZqYXZhc2NyaXB0JTIyJTIwc3JjJTNEJTIyJTJGJTJGcmVzZXJ2YXRpb25zLmJvb2t2aXNpdC5jb20lMkZ3aWRnZXQlM0Z0eXBlJTNEYWNjb21tb2RhdGlvbiUyMiUzRSUzQyUyRnNjcmlwdCUzRSUzQ2RpdiUyMGlkJTNEJTIyd2lkZ2V0Q29udGFpbmVyJTIyJTNFJTNDJTJGZGl2JTNFJTNDc2NyaXB0JTIwdHlwZSUzRCUyMnRleHQlMkZqYXZhc2NyaXB0JTIyJTIwY2hhcnNldCUzRCUyMlVURi04JTIyJTNFJTBBJTIwJTIwJTIwY29uc3QlMjBjb25maWclMjAlM0QlMjAlN0IlN0QlM0IlMEElMjAlMjAlMjBjb25maWcuY2hhbm5lbElkJTIwJTNEJTIwJTIyMjlhYTFlOGItNWI4ZS00YmQyLWJiNmQtNmUyYjhlZjU0NmUxJTIyJTNCJTBBJTIwJTIwJTIwY29uZmlnLndpZGdldExheW91dCUyMCUzRCUyMCUyMlN0YW5kYXJkMUNvbHVtblBsYXRlJTIyJTNCJTBBJTIwJTIwJTIwY29uZmlnLldpZGdldENvbnRhaW5lcklkJTIwJTNEJTIwJTIyd2lkZ2V0Q29udGFpbmVyJTIyJTNCJTBBJTIwJTIwJTIwY29uZmlnLnByb21vQ29kZSUyMCUzRCUyMCUyMmZhbHNlJTIyJTNCJTBBJTIwJTIwJTIwY29uZmlnLmNvcnBDb2RlJTIwJTNEJTIwJTIyZmFsc2UlMjIlM0IlMEElMjAlMjAlMjBjb25maWcuYWdlbnRDb2RlJTIwJTNEJTIwJTIyZmFsc2UlMjIlM0IlMEElMjAlMjAlMjBjb25maWcub3Blbk9wdGlvbiUyMCUzRCUyMCUyMnJlZGlyZWN0JTIyJTNCJTBBJTIwJTIwJTIwY29uZmlnLmxvZ2luTGluayUyMCUzRCUyMCUyMmZhbHNlJTIyJTNCJTBBJTIwJTIwJTIwY29uZmlnLmN1cnJlbmN5JTIwJTNEJTIwJTIyTk9LJTIyJTNCJTBBJTIwJTIwJTIwY29uZmlnLmxhbmd1YWdlQ3VsdHVyZSUyMCUzRCUyMCUyMmVuLUdCJTIyJTNCJTBBJTIwJTIwJTIwY29uZmlnLmFjY29tbW9kYXRpb25UeXBlUGlja2VyJTIwJTNEJTIwJTIyZmFsc2UlMjIlM0IlMEElMjAlMjAlMjBjb25maWcuZ3Vlc3RSb29tSWQlMjAlM0QlMjAlMjIwOGRlNTFlNi1lMjRjLWNmZDEtMDAxNS01ZGQ2Y2IzODAwMDAlMjIlM0IlMEElMjAlMjAlMjBjb25maWcudHlwZSUyMCUzRCUyMCUyMnNpbmdsZV9wcm9wZXJ0eSUyMiUzQiUwQSUyMCUyMCUyMEJWLlNQV2lkZ2V0JTI4JTdCLi4uY29uZmlnJTdEJTI5JTBBJTNDJTJGc2NyaXB0JTNFJTBB[\/vc_raw_html][\/vc_column_inner][\/vc_row_inner][uncode_block id=&#8221;79727&#8243; inside_column=&#8221;yes&#8221;][\/vc_column][\/vc_row]<\/p>\n<\/div>","protected":false},"excerpt":{"rendered":"<p>[vc_row unlock_row_content=&#8221;yes&#8221; row_height_percent=&#8221;55&#8243; override_padding=&#8221;yes&#8221; h_padding=&#8221;0&#8243; top_padding=&#8221;0&#8243; bottom_padding=&#8221;0&#8243; overlay_alpha=&#8221;50&#8243; equal_height=&#8221;yes&#8221; gutter_size=&#8221;0&#8243; column_width_percent=&#8221;100&#8243; shift_y=&#8221;0&#8243; z_index=&#8221;0&#8243; mobile_visibility=&#8221;yes&#8221; el_class=&#8221;overflow-hidden&#8221; uncode_shortcode_id=&#8221;131332&#8243;][vc_column column_width_percent=&#8221;100&#8243; gutter_size=&#8221;3&#8243; back_image=&#8221;83711&#8243; overlay_alpha=&#8221;50&#8243; [&hellip;]<\/p>\n","protected":false},"author":13,"featured_media":79642,"parent":0,"menu_order":0,"comment_status":"closed","ping_status":"closed","template":"","meta":{"footnotes":""},"class_list":["post-79723","page","type-page","status-publish","has-post-thumbnail","hentry"],"yoast_head":"<!-- This site is optimized with the Yoast SEO plugin v27.2 - https:\/\/yoast.com\/product\/yoast-seo-wordpress\/ -->\n<title>Treehugger of Aurskog &#8211; Glamping med HvilePust<\/title>\n<meta name=\"description\" content=\"Opplev \u00d8stlandsnatur i Aurskog. Et ur\u00f8rt og flatt landskap dekorert med variert vegetasjon gir deg alle muligheter til \u00e5 hvilepuste her.\" \/>\n<meta name=\"robots\" content=\"index, follow, max-snippet:-1, max-image-preview:large, max-video-preview:-1\" \/>\n<link rel=\"canonical\" href=\"https:\/\/hvilepust.com\/en\/trekos-i-aurskog\/\" \/>\n<meta property=\"og:locale\" content=\"en_US\" \/>\n<meta property=\"og:type\" content=\"article\" \/>\n<meta property=\"og:title\" content=\"Treehugger of Aurskog &#8211; Glamping med HvilePust\" \/>\n<meta property=\"og:description\" content=\"Opplev \u00d8stlandsnatur i Aurskog. Et ur\u00f8rt og flatt landskap dekorert med variert vegetasjon gir deg alle muligheter til \u00e5 hvilepuste her.\" \/>\n<meta property=\"og:url\" content=\"https:\/\/hvilepust.com\/en\/trekos-i-aurskog\/\" \/>\n<meta property=\"og:site_name\" content=\"HvilePust\" \/>\n<meta property=\"article:publisher\" content=\"https:\/\/www.facebook.com\/HvilePustGlamping\/\" \/>\n<meta property=\"article:modified_time\" content=\"2026-03-23T08:42:43+00:00\" \/>\n<meta property=\"og:image\" content=\"https:\/\/hvilepust.com\/wp-content\/uploads\/2021\/08\/Trekos_i_Aurskog_hoved.jpg\" \/>\n\t<meta property=\"og:image:width\" content=\"1800\" \/>\n\t<meta property=\"og:image:height\" content=\"1200\" \/>\n\t<meta property=\"og:image:type\" content=\"image\/jpeg\" \/>\n<meta name=\"twitter:card\" content=\"summary_large_image\" \/>\n<meta name=\"twitter:label1\" content=\"Est. reading time\" \/>\n\t<meta name=\"twitter:data1\" content=\"2 minutes\" \/>\n<script type=\"application\/ld+json\" class=\"yoast-schema-graph\">{\"@context\":\"https:\/\/schema.org\",\"@graph\":[{\"@type\":\"WebPage\",\"@id\":\"https:\/\/hvilepust.com\/en\/trekos-i-aurskog\/\",\"url\":\"https:\/\/hvilepust.com\/en\/trekos-i-aurskog\/\",\"name\":\"Treehugger of Aurskog &#8211; Glamping med HvilePust\",\"isPartOf\":{\"@id\":\"https:\/\/hvilepust.com\/#website\"},\"primaryImageOfPage\":{\"@id\":\"https:\/\/hvilepust.com\/en\/trekos-i-aurskog\/#primaryimage\"},\"image\":{\"@id\":\"https:\/\/hvilepust.com\/en\/trekos-i-aurskog\/#primaryimage\"},\"thumbnailUrl\":\"https:\/\/hvilepust.com\/wp-content\/uploads\/2021\/08\/Trekos_i_Aurskog_hoved.jpg\",\"datePublished\":\"2021-06-24T10:20:24+00:00\",\"dateModified\":\"2026-03-23T08:42:43+00:00\",\"description\":\"Opplev \u00d8stlandsnatur i Aurskog. Et ur\u00f8rt og flatt landskap dekorert med variert vegetasjon gir deg alle muligheter til \u00e5 hvilepuste her.\",\"breadcrumb\":{\"@id\":\"https:\/\/hvilepust.com\/en\/trekos-i-aurskog\/#breadcrumb\"},\"inLanguage\":\"en-US\",\"potentialAction\":[{\"@type\":\"ReadAction\",\"target\":[\"https:\/\/hvilepust.com\/en\/trekos-i-aurskog\/\"]}]},{\"@type\":\"ImageObject\",\"inLanguage\":\"en-US\",\"@id\":\"https:\/\/hvilepust.com\/en\/trekos-i-aurskog\/#primaryimage\",\"url\":\"https:\/\/hvilepust.com\/wp-content\/uploads\/2021\/08\/Trekos_i_Aurskog_hoved.jpg\",\"contentUrl\":\"https:\/\/hvilepust.com\/wp-content\/uploads\/2021\/08\/Trekos_i_Aurskog_hoved.jpg\",\"width\":1800,\"height\":1200},{\"@type\":\"BreadcrumbList\",\"@id\":\"https:\/\/hvilepust.com\/en\/trekos-i-aurskog\/#breadcrumb\",\"itemListElement\":[{\"@type\":\"ListItem\",\"position\":1,\"name\":\"Home\",\"item\":\"https:\/\/hvilepust.com\/en\/\"},{\"@type\":\"ListItem\",\"position\":2,\"name\":\"Treehugger of Aurskog\"}]},{\"@type\":\"WebSite\",\"@id\":\"https:\/\/hvilepust.com\/#website\",\"url\":\"https:\/\/hvilepust.com\/\",\"name\":\"HvilePust\",\"description\":\"Glamor\u00f8s Camping\",\"publisher\":{\"@id\":\"https:\/\/hvilepust.com\/#organization\"},\"potentialAction\":[{\"@type\":\"SearchAction\",\"target\":{\"@type\":\"EntryPoint\",\"urlTemplate\":\"https:\/\/hvilepust.com\/?s={search_term_string}\"},\"query-input\":{\"@type\":\"PropertyValueSpecification\",\"valueRequired\":true,\"valueName\":\"search_term_string\"}}],\"inLanguage\":\"en-US\"},{\"@type\":\"Organization\",\"@id\":\"https:\/\/hvilepust.com\/#organization\",\"name\":\"HvilePust\",\"url\":\"https:\/\/hvilepust.com\/\",\"logo\":{\"@type\":\"ImageObject\",\"inLanguage\":\"en-US\",\"@id\":\"https:\/\/hvilepust.com\/#\/schema\/logo\/image\/\",\"url\":\"https:\/\/hvilepust.com\/wp-content\/uploads\/2021\/06\/HVILEPUST-rgb.svg\",\"contentUrl\":\"https:\/\/hvilepust.com\/wp-content\/uploads\/2021\/06\/HVILEPUST-rgb.svg\",\"width\":\"130\",\"height\":\"130\",\"caption\":\"HvilePust\"},\"image\":{\"@id\":\"https:\/\/hvilepust.com\/#\/schema\/logo\/image\/\"},\"sameAs\":[\"https:\/\/www.facebook.com\/HvilePustGlamping\/\",\"https:\/\/www.instagram.com\/hvilepust_\/\"]}]}<\/script>\n<!-- \/ Yoast SEO plugin. -->","yoast_head_json":{"title":"Treehugger of Aurskog &#8211; Glamping med HvilePust","description":"Opplev \u00d8stlandsnatur i Aurskog. Et ur\u00f8rt og flatt landskap dekorert med variert vegetasjon gir deg alle muligheter til \u00e5 hvilepuste her.","robots":{"index":"index","follow":"follow","max-snippet":"max-snippet:-1","max-image-preview":"max-image-preview:large","max-video-preview":"max-video-preview:-1"},"canonical":"https:\/\/hvilepust.com\/en\/trekos-i-aurskog\/","og_locale":"en_US","og_type":"article","og_title":"Treehugger of Aurskog &#8211; Glamping med HvilePust","og_description":"Opplev \u00d8stlandsnatur i Aurskog. Et ur\u00f8rt og flatt landskap dekorert med variert vegetasjon gir deg alle muligheter til \u00e5 hvilepuste her.","og_url":"https:\/\/hvilepust.com\/en\/trekos-i-aurskog\/","og_site_name":"HvilePust","article_publisher":"https:\/\/www.facebook.com\/HvilePustGlamping\/","article_modified_time":"2026-03-23T08:42:43+00:00","og_image":[{"width":1800,"height":1200,"url":"https:\/\/hvilepust.com\/wp-content\/uploads\/2021\/08\/Trekos_i_Aurskog_hoved.jpg","type":"image\/jpeg"}],"twitter_card":"summary_large_image","twitter_misc":{"Est. reading time":"2 minutes"},"schema":{"@context":"https:\/\/schema.org","@graph":[{"@type":"WebPage","@id":"https:\/\/hvilepust.com\/en\/trekos-i-aurskog\/","url":"https:\/\/hvilepust.com\/en\/trekos-i-aurskog\/","name":"Treehugger of Aurskog &#8211; Glamping med HvilePust","isPartOf":{"@id":"https:\/\/hvilepust.com\/#website"},"primaryImageOfPage":{"@id":"https:\/\/hvilepust.com\/en\/trekos-i-aurskog\/#primaryimage"},"image":{"@id":"https:\/\/hvilepust.com\/en\/trekos-i-aurskog\/#primaryimage"},"thumbnailUrl":"https:\/\/hvilepust.com\/wp-content\/uploads\/2021\/08\/Trekos_i_Aurskog_hoved.jpg","datePublished":"2021-06-24T10:20:24+00:00","dateModified":"2026-03-23T08:42:43+00:00","description":"Opplev \u00d8stlandsnatur i Aurskog. Et ur\u00f8rt og flatt landskap dekorert med variert vegetasjon gir deg alle muligheter til \u00e5 hvilepuste her.","breadcrumb":{"@id":"https:\/\/hvilepust.com\/en\/trekos-i-aurskog\/#breadcrumb"},"inLanguage":"en-US","potentialAction":[{"@type":"ReadAction","target":["https:\/\/hvilepust.com\/en\/trekos-i-aurskog\/"]}]},{"@type":"ImageObject","inLanguage":"en-US","@id":"https:\/\/hvilepust.com\/en\/trekos-i-aurskog\/#primaryimage","url":"https:\/\/hvilepust.com\/wp-content\/uploads\/2021\/08\/Trekos_i_Aurskog_hoved.jpg","contentUrl":"https:\/\/hvilepust.com\/wp-content\/uploads\/2021\/08\/Trekos_i_Aurskog_hoved.jpg","width":1800,"height":1200},{"@type":"BreadcrumbList","@id":"https:\/\/hvilepust.com\/en\/trekos-i-aurskog\/#breadcrumb","itemListElement":[{"@type":"ListItem","position":1,"name":"Home","item":"https:\/\/hvilepust.com\/en\/"},{"@type":"ListItem","position":2,"name":"Treehugger of Aurskog"}]},{"@type":"WebSite","@id":"https:\/\/hvilepust.com\/#website","url":"https:\/\/hvilepust.com\/","name":"HvilePust","description":"Glamor\u00f8s Camping","publisher":{"@id":"https:\/\/hvilepust.com\/#organization"},"potentialAction":[{"@type":"SearchAction","target":{"@type":"EntryPoint","urlTemplate":"https:\/\/hvilepust.com\/?s={search_term_string}"},"query-input":{"@type":"PropertyValueSpecification","valueRequired":true,"valueName":"search_term_string"}}],"inLanguage":"en-US"},{"@type":"Organization","@id":"https:\/\/hvilepust.com\/#organization","name":"HvilePust","url":"https:\/\/hvilepust.com\/","logo":{"@type":"ImageObject","inLanguage":"en-US","@id":"https:\/\/hvilepust.com\/#\/schema\/logo\/image\/","url":"https:\/\/hvilepust.com\/wp-content\/uploads\/2021\/06\/HVILEPUST-rgb.svg","contentUrl":"https:\/\/hvilepust.com\/wp-content\/uploads\/2021\/06\/HVILEPUST-rgb.svg","width":"130","height":"130","caption":"HvilePust"},"image":{"@id":"https:\/\/hvilepust.com\/#\/schema\/logo\/image\/"},"sameAs":["https:\/\/www.facebook.com\/HvilePustGlamping\/","https:\/\/www.instagram.com\/hvilepust_\/"]}]}},"_links":{"self":[{"href":"https:\/\/hvilepust.com\/en\/wp-json\/wp\/v2\/pages\/79723","targetHints":{"allow":["GET"]}}],"collection":[{"href":"https:\/\/hvilepust.com\/en\/wp-json\/wp\/v2\/pages"}],"about":[{"href":"https:\/\/hvilepust.com\/en\/wp-json\/wp\/v2\/types\/page"}],"author":[{"embeddable":true,"href":"https:\/\/hvilepust.com\/en\/wp-json\/wp\/v2\/users\/13"}],"replies":[{"embeddable":true,"href":"https:\/\/hvilepust.com\/en\/wp-json\/wp\/v2\/comments?post=79723"}],"version-history":[{"count":0,"href":"https:\/\/hvilepust.com\/en\/wp-json\/wp\/v2\/pages\/79723\/revisions"}],"wp:featuredmedia":[{"embeddable":true,"href":"https:\/\/hvilepust.com\/en\/wp-json\/wp\/v2\/media\/79642"}],"wp:attachment":[{"href":"https:\/\/hvilepust.com\/en\/wp-json\/wp\/v2\/media?parent=79723"}],"curies":[{"name":"wp","href":"https:\/\/api.w.org\/{rel}","templated":true}]}}